{"id":954,"date":"2022-04-13T12:17:25","date_gmt":"2022-04-13T12:17:25","guid":{"rendered":"https:\/\/sofclim.dz\/fr\/?page_id=954"},"modified":"2022-04-13T12:17:25","modified_gmt":"2022-04-13T12:17:25","slug":"climatisation","status":"publish","type":"page","link":"https:\/\/sofclim.dz\/fr\/?page_id=954","title":{"rendered":"Climatisation"},"content":{"rendered":"<p>[vc_row wrap_container=\u00a0\u00bbyes\u00a0\u00bb el_class=\u00a0\u00bbmt-lg-4&Prime; css=\u00a0\u00bb.vc_custom_1608673034435{padding-top: 50px !important;}\u00a0\u00bb][vc_column el_class=\u00a0\u00bbpb-2 mb-4&Prime;][vc_column_text]<\/p>\n<p style=\"text-align: justify;\"><span class=\"xr_tl xr_s7\"><span class=\"xr_s9\">Le citoyen alg\u00e9rien s\u2019est ouvert sur le monde et avec la force des choses il est devenu lui aussi exigeant. <\/span><\/span><span class=\"xr_tl xr_s9\">Dans ce sens SOFCLIM vous invite, vous, investisseurs soit dans le domaine touristique, de la sant\u00e9 ou autre \u00e0 d\u00e9couvrir sa gamme <\/span><span class=\"xr_tl xr_s7\"><span class=\"xr_s9\">de climatisation qui vous vous permettra d\u2019offrir \u00e0 vos nombreux clients le confort et le bien \u00eatre qu\u2019ils trouvent au-del\u00e0 des fronti\u00e8res. <\/span><\/span><span class=\"xr_tl xr_s7\"><span class=\"xr_s9\">Le tourisme et la sant\u00e9 en particulier sont deux cr\u00e9neaux tr\u00e8s int\u00e9ressants. <\/span><\/span><span class=\"xr_tl xr_s9\">En cons\u00e9quence leur dotation en moyens de climatisation et plus qu\u2019indispensable et SOFCLIM vous offre toute sa comp\u00e9tence et tout <\/span><span class=\"xr_tl xr_s9\">son savoir-faire en \u00e9tude fourniture des \u00e9quipements installation ou alors en maintenance.<\/span><\/p>\n<p>[\/vc_column_text][\/vc_column][\/vc_row][vc_row wrap_container=\u00a0\u00bbyes\u00a0\u00bb css=\u00a0\u00bb.vc_custom_1608678636283{background-color: #f7f7f7 !important;}\u00a0\u00bb][vc_column el_class=\u00a0\u00bbmb-5&Prime;]<div class=\"porto-gallery has-ccols ccols-1 has-ccols-spacing ccols-sm-2 ccols-md-3 ccols-lg-4 ccols-xl-6 wpb_custom_435c8a22324829c1c9eeddcaa8953f47 porto-gallery-grid align-items-start lightbox porto-ig-effect-3\" data-lightbox-options=\"{&quot;delegate&quot;:&quot;a&quot;,&quot;mainClass&quot;:&quot;mfp-with-zoom&quot;,&quot;zoom&quot;:{&quot;enabled&quot;:true,&quot;duration&quot;:300},&quot;gallery&quot;:{&quot;enabled&quot;:true},&quot;type&quot;:&quot;image&quot;}\"><a href=\"https:\/\/sofclim.dz\/fr\/wp-content\/uploads\/2022\/04\/Climatisation-2.jpg\"><figure><img loading=\"lazy\" decoding=\"async\" width=\"1600\" height=\"1200\" src=\"https:\/\/sofclim.dz\/fr\/wp-content\/uploads\/2022\/04\/Climatisation-2.jpg\" class=\"attachment-full size-full\" alt=\"\" srcset=\"https:\/\/sofclim.dz\/fr\/wp-content\/uploads\/2022\/04\/Climatisation-2.jpg 1600w, https:\/\/sofclim.dz\/fr\/wp-content\/uploads\/2022\/04\/Climatisation-2-1024x768.jpg 1024w, https:\/\/sofclim.dz\/fr\/wp-content\/uploads\/2022\/04\/Climatisation-2-768x576.jpg 768w, https:\/\/sofclim.dz\/fr\/wp-content\/uploads\/2022\/04\/Climatisation-2-1536x1152.jpg 1536w, https:\/\/sofclim.dz\/fr\/wp-content\/uploads\/2022\/04\/Climatisation-2-463x348.jpg 463w, https:\/\/sofclim.dz\/fr\/wp-content\/uploads\/2022\/04\/Climatisation-2-640x480.jpg 640w, https:\/\/sofclim.dz\/fr\/wp-content\/uploads\/2022\/04\/Climatisation-2-400x300.jpg 400w, https:\/\/sofclim.dz\/fr\/wp-content\/uploads\/2022\/04\/Climatisation-2-367x275.jpg 367w, https:\/\/sofclim.dz\/fr\/wp-content\/uploads\/2022\/04\/Climatisation-2-600x450.jpg 600w\" sizes=\"auto, (max-width: 1600px) 100vw, 1600px\" \/><\/figure><\/a><a href=\"https:\/\/sofclim.dz\/fr\/wp-content\/uploads\/2022\/04\/Climatisation-1.jpg\"><figure><img loading=\"lazy\" decoding=\"async\" width=\"800\" height=\"600\" src=\"https:\/\/sofclim.dz\/fr\/wp-content\/uploads\/2022\/04\/Climatisation-1.jpg\" class=\"attachment-full size-full\" alt=\"\" srcset=\"https:\/\/sofclim.dz\/fr\/wp-content\/uploads\/2022\/04\/Climatisation-1.jpg 800w, https:\/\/sofclim.dz\/fr\/wp-content\/uploads\/2022\/04\/Climatisation-1-768x576.jpg 768w, https:\/\/sofclim.dz\/fr\/wp-content\/uploads\/2022\/04\/Climatisation-1-463x348.jpg 463w, https:\/\/sofclim.dz\/fr\/wp-content\/uploads\/2022\/04\/Climatisation-1-640x480.jpg 640w, https:\/\/sofclim.dz\/fr\/wp-content\/uploads\/2022\/04\/Climatisation-1-400x300.jpg 400w, https:\/\/sofclim.dz\/fr\/wp-content\/uploads\/2022\/04\/Climatisation-1-367x275.jpg 367w, https:\/\/sofclim.dz\/fr\/wp-content\/uploads\/2022\/04\/Climatisation-1-600x450.jpg 600w\" sizes=\"auto, (max-width: 800px) 100vw, 800px\" \/><\/figure><\/a><a href=\"https:\/\/sofclim.dz\/fr\/wp-content\/uploads\/2022\/04\/Climatisation-3-1.jpg\"><figure><img loading=\"lazy\" decoding=\"async\" width=\"1600\" height=\"1200\" src=\"https:\/\/sofclim.dz\/fr\/wp-content\/uploads\/2022\/04\/Climatisation-3-1.jpg\" class=\"attachment-full size-full\" alt=\"\" srcset=\"https:\/\/sofclim.dz\/fr\/wp-content\/uploads\/2022\/04\/Climatisation-3-1.jpg 1600w, https:\/\/sofclim.dz\/fr\/wp-content\/uploads\/2022\/04\/Climatisation-3-1-1024x768.jpg 1024w, https:\/\/sofclim.dz\/fr\/wp-content\/uploads\/2022\/04\/Climatisation-3-1-768x576.jpg 768w, https:\/\/sofclim.dz\/fr\/wp-content\/uploads\/2022\/04\/Climatisation-3-1-1536x1152.jpg 1536w, https:\/\/sofclim.dz\/fr\/wp-content\/uploads\/2022\/04\/Climatisation-3-1-463x348.jpg 463w, https:\/\/sofclim.dz\/fr\/wp-content\/uploads\/2022\/04\/Climatisation-3-1-640x480.jpg 640w, https:\/\/sofclim.dz\/fr\/wp-content\/uploads\/2022\/04\/Climatisation-3-1-400x300.jpg 400w, https:\/\/sofclim.dz\/fr\/wp-content\/uploads\/2022\/04\/Climatisation-3-1-367x275.jpg 367w, https:\/\/sofclim.dz\/fr\/wp-content\/uploads\/2022\/04\/Climatisation-3-1-600x450.jpg 600w\" sizes=\"auto, (max-width: 1600px) 100vw, 1600px\" \/><\/figure><\/a><\/div>[\/vc_column][\/vc_row]<\/p>\n","protected":false},"excerpt":{"rendered":"<p>[vc_row wrap_container=\u00a0\u00bbyes\u00a0\u00bb el_class=\u00a0\u00bbmt-lg-4&Prime; css=\u00a0\u00bb.vc_custom_1608673034435{padding-top: 50px !important;}\u00a0\u00bb][vc_column el_class=\u00a0\u00bbpb-2 mb-4&Prime;][vc_column_text] Le citoyen alg\u00e9rien s\u2019est ouvert sur le monde et avec la force des choses il est devenu lui aussi exigeant. Dans ce sens SOFCLIM vous invite, vous, investisseurs soit dans le domaine touristique, de la sant\u00e9 ou autre \u00e0 d\u00e9couvrir sa gamme de climatisation qui vous vous [&hellip;]<\/p>\n","protected":false},"author":1,"featured_media":0,"parent":0,"menu_order":0,"comment_status":"closed","ping_status":"closed","template":"","meta":{"footnotes":""},"class_list":["post-954","page","type-page","status-publish","hentry"],"_links":{"self":[{"href":"https:\/\/sofclim.dz\/fr\/index.php?rest_route=\/wp\/v2\/pages\/954","targetHints":{"allow":["GET"]}}],"collection":[{"href":"https:\/\/sofclim.dz\/fr\/index.php?rest_route=\/wp\/v2\/pages"}],"about":[{"href":"https:\/\/sofclim.dz\/fr\/index.php?rest_route=\/wp\/v2\/types\/page"}],"author":[{"embeddable":true,"href":"https:\/\/sofclim.dz\/fr\/index.php?rest_route=\/wp\/v2\/users\/1"}],"replies":[{"embeddable":true,"href":"https:\/\/sofclim.dz\/fr\/index.php?rest_route=%2Fwp%2Fv2%2Fcomments&post=954"}],"version-history":[{"count":2,"href":"https:\/\/sofclim.dz\/fr\/index.php?rest_route=\/wp\/v2\/pages\/954\/revisions"}],"predecessor-version":[{"id":961,"href":"https:\/\/sofclim.dz\/fr\/index.php?rest_route=\/wp\/v2\/pages\/954\/revisions\/961"}],"wp:attachment":[{"href":"https:\/\/sofclim.dz\/fr\/index.php?rest_route=%2Fwp%2Fv2%2Fmedia&parent=954"}],"curies":[{"name":"wp","href":"https:\/\/api.w.org\/{rel}","templated":true}]}}