{"id":920,"date":"2022-04-13T11:25:17","date_gmt":"2022-04-13T11:25:17","guid":{"rendered":"https:\/\/sofclim.dz\/fr\/?page_id=920"},"modified":"2022-04-13T11:25:17","modified_gmt":"2022-04-13T11:25:17","slug":"froid-industriel-2","status":"publish","type":"page","link":"https:\/\/sofclim.dz\/fr\/?page_id=920","title":{"rendered":"Froid industriel"},"content":{"rendered":"<p>[vc_row wrap_container=\u00a0\u00bbyes\u00a0\u00bb el_class=\u00a0\u00bbmt-lg-4&Prime; css=\u00a0\u00bb.vc_custom_1608673034435{padding-top: 50px !important;}\u00a0\u00bb][vc_column el_class=\u00a0\u00bbpb-2 mb-4&Prime;][vc_column_text]<\/p>\n<p style=\"text-align: justify;\"><span class=\"xr_tl xr_s7\"><span class=\"xr_s9\">Le d\u00e9veloppement \u00e9conomique d\u2019une nation est tributaire de sa capacit\u00e9 de stockage. <\/span><\/span><span class=\"xr_tl xr_s7\"><span class=\"xr_s9\">Le surplus de production en mati\u00e8re de produit agroalimentaire, pharmaceutique et chimique doit \u00eatre conserv\u00e9 sous froid. <\/span><\/span><span class=\"xr_tl xr_s9\">Les \u00a0<\/span><span class=\"xr_tl xr_s9\">entrep\u00f4ts \u00a0<\/span><span class=\"xr_tl xr_s9\">de \u00a0<\/span><span class=\"xr_tl xr_s9\">cong\u00e9lation \u00a0<\/span><span class=\"xr_tl xr_s9\">et \u00a0<\/span><span class=\"xr_tl xr_s9\">plat \u00a0<\/span><span class=\"xr_tl xr_s9\">forme \u00a0<\/span><span class=\"xr_tl xr_s9\">de \u00a0<\/span><span class=\"xr_tl xr_s9\">distribution \u00a0<\/span><span class=\"xr_tl xr_s9\">de \u00a0<\/span><span class=\"xr_tl xr_s9\">produits \u00a0<\/span><span class=\"xr_tl xr_s9\">r\u00e9frig\u00e9r\u00e9s \u00a0<\/span><span class=\"xr_tl xr_s9\">jouent \u00a0<\/span><span class=\"xr_tl xr_s9\">sans \u00a0<\/span><span class=\"xr_tl xr_s9\">aucun \u00a0<\/span><span class=\"xr_tl xr_s9\">doute \u00a0<\/span><span class=\"xr_tl xr_s9\">un \u00a0<\/span><span class=\"xr_tl xr_s9\">r\u00f4le \u00a0<\/span><span class=\"xr_tl xr_s9\">tr\u00e8s \u00a0<\/span><span class=\"xr_tl xr_s9\">important \u00a0<\/span><span class=\"xr_tl xr_s9\">dans <\/span><span class=\"xr_tl xr_s7\"><span class=\"xr_s9\">la r\u00e9gulation de l\u2019offre et la demande.<\/span><\/span><span class=\"xr_tl xr_s9\">La \u00a0<\/span><span class=\"xr_tl xr_s9\">SARL \u00a0<\/span><span class=\"xr_tl xr_s9\">SOFCLIM \u00a0<\/span><span class=\"xr_tl xr_s9\">et \u00a0<\/span><span class=\"xr_tl xr_s9\">fi\u00e8re \u00a0<\/span><span class=\"xr_tl xr_s9\">d\u2019avoir \u00a0<\/span><span class=\"xr_tl xr_s9\">contribu\u00e9 \u00a0<\/span><span class=\"xr_tl xr_s9\">d\u2019une \u00a0<\/span><span class=\"xr_tl xr_s9\">mani\u00e8re \u00a0<\/span><span class=\"xr_tl xr_s9\">tr\u00e8s \u00a0<\/span><span class=\"xr_tl xr_s9\">significative \u00a0<\/span><span class=\"xr_tl xr_s9\">dans \u00a0<\/span><span class=\"xr_tl xr_s9\">le \u00a0<\/span><span class=\"xr_tl xr_s9\">d\u00e9veloppement \u00a0<\/span><span class=\"xr_tl xr_s9\">et \u00a0<\/span><span class=\"xr_tl xr_s9\">la \u00a0<\/span><span class=\"xr_tl xr_s9\">vulgarisation \u00a0<\/span><span class=\"xr_tl xr_s9\">de \u00a0<\/span><span class=\"xr_tl xr_s9\">la <\/span><span class=\"xr_tl xr_s9\">conservation sous temp\u00e9ratures dirig\u00e9es des produits alimentaires p\u00e9rissables<\/span><\/p>\n<p>[\/vc_column_text][\/vc_column][\/vc_row][vc_row wrap_container=\u00a0\u00bbyes\u00a0\u00bb css=\u00a0\u00bb.vc_custom_1608678636283{background-color: #f7f7f7 !important;}\u00a0\u00bb][vc_column el_class=\u00a0\u00bbmb-5&Prime;]<div class=\"porto-gallery has-ccols ccols-1 has-ccols-spacing ccols-sm-2 ccols-md-3 ccols-lg-4 ccols-xl-6 wpb_custom_435c8a22324829c1c9eeddcaa8953f47 porto-gallery-grid align-items-start lightbox porto-ig-effect-3\" data-lightbox-options=\"{&quot;delegate&quot;:&quot;a&quot;,&quot;mainClass&quot;:&quot;mfp-with-zoom&quot;,&quot;zoom&quot;:{&quot;enabled&quot;:true,&quot;duration&quot;:300},&quot;gallery&quot;:{&quot;enabled&quot;:true},&quot;type&quot;:&quot;image&quot;}\"><a href=\"https:\/\/sofclim.dz\/fr\/wp-content\/uploads\/2022\/04\/Froid-Industriel-algerie-6.jpg\"><figure><img loading=\"lazy\" decoding=\"async\" width=\"500\" height=\"375\" src=\"https:\/\/sofclim.dz\/fr\/wp-content\/uploads\/2022\/04\/Froid-Industriel-algerie-6.jpg\" class=\"attachment-full size-full\" alt=\"\" srcset=\"https:\/\/sofclim.dz\/fr\/wp-content\/uploads\/2022\/04\/Froid-Industriel-algerie-6.jpg 500w, https:\/\/sofclim.dz\/fr\/wp-content\/uploads\/2022\/04\/Froid-Industriel-algerie-6-463x348.jpg 463w, https:\/\/sofclim.dz\/fr\/wp-content\/uploads\/2022\/04\/Froid-Industriel-algerie-6-400x300.jpg 400w, https:\/\/sofclim.dz\/fr\/wp-content\/uploads\/2022\/04\/Froid-Industriel-algerie-6-367x275.jpg 367w\" sizes=\"auto, (max-width: 500px) 100vw, 500px\" \/><\/figure><\/a><a href=\"https:\/\/sofclim.dz\/fr\/wp-content\/uploads\/2022\/04\/Froid-Industriel-algerie-5.jpg\"><figure><img loading=\"lazy\" decoding=\"async\" width=\"500\" height=\"375\" src=\"https:\/\/sofclim.dz\/fr\/wp-content\/uploads\/2022\/04\/Froid-Industriel-algerie-5.jpg\" class=\"attachment-full size-full\" alt=\"\" srcset=\"https:\/\/sofclim.dz\/fr\/wp-content\/uploads\/2022\/04\/Froid-Industriel-algerie-5.jpg 500w, https:\/\/sofclim.dz\/fr\/wp-content\/uploads\/2022\/04\/Froid-Industriel-algerie-5-463x348.jpg 463w, https:\/\/sofclim.dz\/fr\/wp-content\/uploads\/2022\/04\/Froid-Industriel-algerie-5-400x300.jpg 400w, https:\/\/sofclim.dz\/fr\/wp-content\/uploads\/2022\/04\/Froid-Industriel-algerie-5-367x275.jpg 367w\" sizes=\"auto, (max-width: 500px) 100vw, 500px\" \/><\/figure><\/a><a href=\"https:\/\/sofclim.dz\/fr\/wp-content\/uploads\/2022\/04\/Froid-Industriel-algerie-4.jpg\"><figure><img loading=\"lazy\" decoding=\"async\" width=\"500\" height=\"375\" src=\"https:\/\/sofclim.dz\/fr\/wp-content\/uploads\/2022\/04\/Froid-Industriel-algerie-4.jpg\" class=\"attachment-full size-full\" alt=\"\" srcset=\"https:\/\/sofclim.dz\/fr\/wp-content\/uploads\/2022\/04\/Froid-Industriel-algerie-4.jpg 500w, https:\/\/sofclim.dz\/fr\/wp-content\/uploads\/2022\/04\/Froid-Industriel-algerie-4-463x348.jpg 463w, https:\/\/sofclim.dz\/fr\/wp-content\/uploads\/2022\/04\/Froid-Industriel-algerie-4-400x300.jpg 400w, https:\/\/sofclim.dz\/fr\/wp-content\/uploads\/2022\/04\/Froid-Industriel-algerie-4-367x275.jpg 367w\" sizes=\"auto, (max-width: 500px) 100vw, 500px\" \/><\/figure><\/a><a href=\"https:\/\/sofclim.dz\/fr\/wp-content\/uploads\/2022\/04\/Froid-Industriel-algerie-3.jpg\"><figure><img loading=\"lazy\" decoding=\"async\" width=\"500\" height=\"375\" src=\"https:\/\/sofclim.dz\/fr\/wp-content\/uploads\/2022\/04\/Froid-Industriel-algerie-3.jpg\" class=\"attachment-full size-full\" alt=\"\" srcset=\"https:\/\/sofclim.dz\/fr\/wp-content\/uploads\/2022\/04\/Froid-Industriel-algerie-3.jpg 500w, https:\/\/sofclim.dz\/fr\/wp-content\/uploads\/2022\/04\/Froid-Industriel-algerie-3-463x348.jpg 463w, https:\/\/sofclim.dz\/fr\/wp-content\/uploads\/2022\/04\/Froid-Industriel-algerie-3-400x300.jpg 400w, https:\/\/sofclim.dz\/fr\/wp-content\/uploads\/2022\/04\/Froid-Industriel-algerie-3-367x275.jpg 367w\" sizes=\"auto, (max-width: 500px) 100vw, 500px\" \/><\/figure><\/a><a href=\"https:\/\/sofclim.dz\/fr\/wp-content\/uploads\/2022\/04\/Froid-Industriel-algerie-2.jpg\"><figure><img loading=\"lazy\" decoding=\"async\" width=\"500\" height=\"375\" src=\"https:\/\/sofclim.dz\/fr\/wp-content\/uploads\/2022\/04\/Froid-Industriel-algerie-2.jpg\" class=\"attachment-full size-full\" alt=\"\" srcset=\"https:\/\/sofclim.dz\/fr\/wp-content\/uploads\/2022\/04\/Froid-Industriel-algerie-2.jpg 500w, https:\/\/sofclim.dz\/fr\/wp-content\/uploads\/2022\/04\/Froid-Industriel-algerie-2-463x348.jpg 463w, https:\/\/sofclim.dz\/fr\/wp-content\/uploads\/2022\/04\/Froid-Industriel-algerie-2-400x300.jpg 400w, https:\/\/sofclim.dz\/fr\/wp-content\/uploads\/2022\/04\/Froid-Industriel-algerie-2-367x275.jpg 367w\" sizes=\"auto, (max-width: 500px) 100vw, 500px\" \/><\/figure><\/a><a href=\"https:\/\/sofclim.dz\/fr\/wp-content\/uploads\/2022\/04\/Froid-Industriel-algerie-1.jpg\"><figure><img loading=\"lazy\" decoding=\"async\" width=\"500\" height=\"375\" src=\"https:\/\/sofclim.dz\/fr\/wp-content\/uploads\/2022\/04\/Froid-Industriel-algerie-1.jpg\" class=\"attachment-full size-full\" alt=\"\" srcset=\"https:\/\/sofclim.dz\/fr\/wp-content\/uploads\/2022\/04\/Froid-Industriel-algerie-1.jpg 500w, https:\/\/sofclim.dz\/fr\/wp-content\/uploads\/2022\/04\/Froid-Industriel-algerie-1-463x348.jpg 463w, https:\/\/sofclim.dz\/fr\/wp-content\/uploads\/2022\/04\/Froid-Industriel-algerie-1-400x300.jpg 400w, https:\/\/sofclim.dz\/fr\/wp-content\/uploads\/2022\/04\/Froid-Industriel-algerie-1-367x275.jpg 367w\" sizes=\"auto, (max-width: 500px) 100vw, 500px\" \/><\/figure><\/a><\/div>[\/vc_column][\/vc_row]<\/p>\n","protected":false},"excerpt":{"rendered":"<p>[vc_row wrap_container=\u00a0\u00bbyes\u00a0\u00bb el_class=\u00a0\u00bbmt-lg-4&Prime; css=\u00a0\u00bb.vc_custom_1608673034435{padding-top: 50px !important;}\u00a0\u00bb][vc_column el_class=\u00a0\u00bbpb-2 mb-4&Prime;][vc_column_text] Le d\u00e9veloppement \u00e9conomique d\u2019une nation est tributaire de sa capacit\u00e9 de stockage. Le surplus de production en mati\u00e8re de produit agroalimentaire, pharmaceutique et chimique doit \u00eatre conserv\u00e9 sous froid. Les \u00a0entrep\u00f4ts \u00a0de \u00a0cong\u00e9lation \u00a0et \u00a0plat \u00a0forme \u00a0de \u00a0distribution \u00a0de \u00a0produits \u00a0r\u00e9frig\u00e9r\u00e9s \u00a0jouent \u00a0sans \u00a0aucun \u00a0doute \u00a0un \u00a0r\u00f4le [&hellip;]<\/p>\n","protected":false},"author":1,"featured_media":0,"parent":0,"menu_order":0,"comment_status":"closed","ping_status":"closed","template":"","meta":{"footnotes":""},"class_list":["post-920","page","type-page","status-publish","hentry"],"_links":{"self":[{"href":"https:\/\/sofclim.dz\/fr\/index.php?rest_route=\/wp\/v2\/pages\/920","targetHints":{"allow":["GET"]}}],"collection":[{"href":"https:\/\/sofclim.dz\/fr\/index.php?rest_route=\/wp\/v2\/pages"}],"about":[{"href":"https:\/\/sofclim.dz\/fr\/index.php?rest_route=\/wp\/v2\/types\/page"}],"author":[{"embeddable":true,"href":"https:\/\/sofclim.dz\/fr\/index.php?rest_route=\/wp\/v2\/users\/1"}],"replies":[{"embeddable":true,"href":"https:\/\/sofclim.dz\/fr\/index.php?rest_route=%2Fwp%2Fv2%2Fcomments&post=920"}],"version-history":[{"count":15,"href":"https:\/\/sofclim.dz\/fr\/index.php?rest_route=\/wp\/v2\/pages\/920\/revisions"}],"predecessor-version":[{"id":935,"href":"https:\/\/sofclim.dz\/fr\/index.php?rest_route=\/wp\/v2\/pages\/920\/revisions\/935"}],"wp:attachment":[{"href":"https:\/\/sofclim.dz\/fr\/index.php?rest_route=%2Fwp%2Fv2%2Fmedia&parent=920"}],"curies":[{"name":"wp","href":"https:\/\/api.w.org\/{rel}","templated":true}]}}