{"id":612,"date":"2020-12-22T07:43:51","date_gmt":"2020-12-22T07:43:51","guid":{"rendered":"http:\/\/sw-themes.com\/porto_dummy\/cleaning-services\/?page_id=612"},"modified":"2022-04-13T13:53:48","modified_gmt":"2022-04-13T13:53:48","slug":"contact","status":"publish","type":"page","link":"https:\/\/sofclim.dz\/fr\/?page_id=612","title":{"rendered":"Contact"},"content":{"rendered":"<p>[vc_row equal_height=\u00a0\u00bbyes\u00a0\u00bb wrap_container=\u00a0\u00bbyes\u00a0\u00bb css=\u00a0\u00bb.vc_custom_1649857982438{background-color: #e2e2e2 !important;}\u00a0\u00bb][vc_column el_class=\u00a0\u00bbcontact-info\u00a0\u00bb offset=\u00a0\u00bbvc_col-lg-12 vc_col-md-12&Prime;][vc_row_inner css=\u00a0\u00bb.vc_custom_1648742736594{margin-top: 20px !important;margin-bottom: -30px !important;padding-top: 30px !important;}\u00a0\u00bb][vc_column_inner][vc_separator color=\u00a0\u00bbcustom\u00a0\u00bb border_width=\u00a0\u00bb3&Prime; css_animation=\u00a0\u00bbslideInLeft\u00a0\u00bb style=\u00a0\u00bbsolid\u00a0\u00bb el_class=\u00a0\u00bbcustom-border customLineAnimation d-inline-block mr-3 mb-1&Prime; accent_color=\u00a0\u00bb#00a1cd\u00a0\u00bb][\/vc_column_inner][\/vc_row_inner][vc_custom_heading text=\u00a0\u00bbENTRER EN CONTACT\u00a0\u00bb font_container=\u00a0\u00bbtag:h4|font_size:1.2em|text_align:left|color:%2300a1cd|line_height:1.3&Prime; use_theme_fonts=\u00a0\u00bbyes\u00a0\u00bb text_transform=\u00a0\u00bbtext-uppercase\u00a0\u00bb font_weight=\u00a0\u00bb600&Prime; animation_delay=\u00a0\u00bb1000&Prime; el_class=\u00a0\u00bbmb-2 d-inline-block\u00a0\u00bb animation_type=\u00a0\u00bbfadeInLeft\u00a0\u00bb css=\u00a0\u00bb.vc_custom_1648910018066{margin-top: 15px !important;padding-top: 20px !important;}\u00a0\u00bb][vc_row_inner el_class=\u00a0\u00bbpy-5 my-5&Prime; css=\u00a0\u00bb.vc_custom_1648742698706{margin-top: -20px !important;}\u00a0\u00bb][vc_column_inner width=\u00a0\u00bb1\/3&Prime;][vc_custom_heading text=\u00a0\u00bbNum\u00e9ros de t\u00e9l\u00e9phones\u00a0\u00bb font_container=\u00a0\u00bbtag:h2|font_size:1.8em|text_align:left|line_height:42px\u00a0\u00bb use_theme_fonts=\u00a0\u00bbyes\u00a0\u00bb font_weight=\u00a0\u00bb700&Prime; skin=\u00a0\u00bbsecondary\u00a0\u00bb el_class=\u00a0\u00bbmb-3&Prime;]<div class=\"porto-u-heading  wpb_custom_95aa9a11c17ad45cfabaf210d84ee7cc\" data-hspacer=\"no_spacer\" data-halign=\"left\" style=\"text-align:left\"><div class=\"porto-u-main-heading\"><h3   style=\"font-weight:700;color:#183f72;font-size:1em;line-height:24px;\">Num\u00e9ro du fix<\/h3><\/div><div class=\"porto-u-sub-heading\" style=\"color: #777777;margin-bottom:24px;\">026 20 51 40<br \/>\n026 20 51 48<\/div><\/div><div class=\"porto-u-heading  wpb_custom_95aa9a11c17ad45cfabaf210d84ee7cc\" data-hspacer=\"no_spacer\" data-halign=\"left\" style=\"text-align:left\"><div class=\"porto-u-main-heading\"><h3   style=\"font-weight:700;color:#183f72;font-size:1em;line-height:24px;\">Num\u00e9ro du fax<\/h3><\/div><div class=\"porto-u-sub-heading\" style=\"color: #777777;margin-bottom:24px;\">026 20 51 23<\/div><\/div>[\/vc_column_inner][vc_column_inner width=\u00a0\u00bb1\/3&Prime;][vc_custom_heading text=\u00a0\u00bbSi\u00e8ge social et Email\u00a0\u00bb font_container=\u00a0\u00bbtag:h2|font_size:1.8em|text_align:left|line_height:42px\u00a0\u00bb use_theme_fonts=\u00a0\u00bbyes\u00a0\u00bb font_weight=\u00a0\u00bb700&Prime; skin=\u00a0\u00bbsecondary\u00a0\u00bb el_class=\u00a0\u00bbmb-3&Prime;]<div class=\"porto-u-heading  wpb_custom_95aa9a11c17ad45cfabaf210d84ee7cc\" data-hspacer=\"no_spacer\" data-halign=\"left\" style=\"text-align:left\"><div class=\"porto-u-main-heading\"><h3   style=\"font-weight:700;color:#183f72;font-size:1em;line-height:24px;\">Adresse<\/h3><\/div><div class=\"porto-u-sub-heading\" style=\"color: #777777;margin-bottom:20px;\">Tizi Ouzou 15000.<br \/>\nImmeuble Bekkar<br \/>\nBd Krim Belkacem<\/div><\/div><div class=\"porto-u-heading  wpb_custom_95aa9a11c17ad45cfabaf210d84ee7cc\" data-hspacer=\"no_spacer\" data-halign=\"left\" style=\"text-align:left\"><div class=\"porto-u-main-heading\"><h3   style=\"font-weight:700;color:#183f72;font-size:1em;line-height:24px;\">Email<\/h3><\/div><div class=\"porto-u-sub-heading\" style=\"color: #777777;\"><a class=\"text-decoration-underline\" href=\"sofclim@hotmail.com\">sofclim@hotmail.com<\/a><\/div><\/div>[\/vc_column_inner][vc_column_inner width=\u00a0\u00bb1\/3&Prime;]<div class=\"porto-u-heading  wpb_custom_95aa9a11c17ad45cfabaf210d84ee7cc\" data-hspacer=\"no_spacer\" data-halign=\"left\" style=\"text-align:left\"><div class=\"porto-u-main-heading\"><h3   style=\"font-weight:700;color:#183f72;font-size:1em;line-height:24px;\">Jours et heures de travail<\/h3><\/div><div class=\"porto-u-sub-heading\" style=\"color: #777777;margin-bottom:20px;\">Sam &#8211;\u00a0 Jeu\u00a0 8:30 &#8211; 16:30pm<br \/>\nVendredi &#8211; weekend<\/div><\/div>[\/vc_column_inner][\/vc_row_inner][vc_row_inner][vc_column_inner width=\u00a0\u00bb1\/2&Prime;][vc_custom_heading text=\u00a0\u00bbEnvoie-nous un message\u00a0\u00bb font_container=\u00a0\u00bbtag:h3|font_size:2.3em|text_align:left|color:%23183f72|line_height:1.2&Prime; use_theme_fonts=\u00a0\u00bbyes\u00a0\u00bb font_weight=\u00a0\u00bb700&Prime; skin=\u00a0\u00bbsecondary\u00a0\u00bb letter_spacing=\u00a0\u00bb-.05em\u00a0\u00bb animation_delay=\u00a0\u00bb1200&Prime; el_class=\u00a0\u00bbpb-2 mb-4&Prime; animation_type=\u00a0\u00bbfadeInUp\u00a0\u00bb][vc_column_text]<div data-uniq='69e08c466a02f' class='uniq-69e08c466a02f formcraft-css form-live align-left'><script> window.formcraftLogic = window.formcraftLogic || {}; window.formcraftLogic[1] = []; <\/script><div class=\"fc-pagination-cover fc-pagination-1\">\n\t\t\t\t<div class=\"fc-pagination width-100\">\n\t\t\t\t\t<!-- ngRepeat: page in Builder.FormElements track by $index --><div class=\"pagination-trigger \" data-index=\"0\">\n\t\t\t\t\t\t<span class=\"page-number\"><span >1<\/span><\/span>\n\t\t\t\t\t\t<span class=\"page-name \">Step 1<\/span>\n\t\t\t\t\t\t\n\t\t\t\t\t<\/div><!-- end ngRepeat: page in Builder.FormElements track by $index -->\n\t\t\t\t<\/div>\n\t\t\t<\/div>\n\t\t\t\n\t\t\t<style scoped=\"scoped\" >\n\t\t\t@media (max-width : 480px) {\n\t\t\t\t.fc_modal-dialog-1 .fc-pagination-cover .fc-pagination\n\t\t\t\t{\n\t\t\t\t\tbackground-color: #219ed4 !important;\n\t\t\t\t}\n\t\t\t}\n\t\t\t\t\t\t.formcraft-css .fc-form.fc-form-1 .form-element .submit-cover .submit-button,\n\t\t\t.formcraft-css .fc-form.fc-form-1 .form-element .fileupload-cover .button-file,\n\t\t\t.formcraft-css .fc-form.fc-form-1 .form-element .field-cover .button,\n\t\t\t.formcraft-datepicker .ui-datepicker-header,\n\t\t\t.formcraft-datepicker .ui-datepicker-title\n\t\t\t{\n\t\t\t\tbackground: #3d3d3d;\n\t\t\t\tcolor: #e2e2e2;\n\t\t\t}\n\t\t\t.formcraft-datepicker td .ui-state-active,\n\t\t\t.formcraft-datepicker td .ui-state-hover,\n\t\t\t.formcraft-css .fc-form.fc-form-1 .form-element .slider-cover .ui-slider-range\n\t\t\t{\n\t\t\t\tbackground: #3d3d3d;\n\t\t\t}\n\t\t\t#ui-datepicker-div.formcraft-datepicker .ui-datepicker-header,\n\t\t\t.formcraft-css .fc-form .field-cover>div.full hr\n\t\t\t{\n\t\t\t\tborder-color: #353535;\n\t\t\t}\n\t\t\t#ui-datepicker-div.formcraft-datepicker .ui-datepicker-prev:hover,\n\t\t\t#ui-datepicker-div.formcraft-datepicker .ui-datepicker-next:hover,\n\t\t\t#ui-datepicker-div.formcraft-datepicker select.ui-datepicker-month:hover,\n\t\t\t#ui-datepicker-div.formcraft-datepicker select.ui-datepicker-year:hover\n\t\t\t{\n\t\t\t\tbackground-color: #353535;\n\t\t\t}\n\t\t\t.formcraft-css .fc-pagination>div.active .page-number,\n\t\t\t.formcraft-css .form-cover-builder .fc-pagination>div:first-child .page-number\n\t\t\t{\n\t\t\t\tbackground-color: #4488ee;\n\t\t\t\tcolor: #e2e2e2;\n\t\t\t}\n\t\t\t#ui-datepicker-div.formcraft-datepicker table.ui-datepicker-calendar th,\n\t\t\t#ui-datepicker-div.formcraft-datepicker table.ui-datepicker-calendar td.ui-datepicker-today a,\n\t\t\t.formcraft-css .fc-form.fc-form-1 .form-element .star-cover label,\n\t\t\thtml .formcraft-css .fc-form.label-floating .form-element .field-cover.has-focus>span,\n\t\t\t.formcraft-css .fc-form.fc-form-1 .form-element .customText-cover a,\n\t\t\t.formcraft-css .prev-next>div span:hover\n\t\t\t{\n\t\t\t\tcolor: #3d3d3d;\n\t\t\t}\n\t\t\t.formcraft-css .fc-form.fc-form-1 .form-element .customText-cover a:hover\n\t\t\t{\n\t\t\t\tcolor: #353535;\n\t\t\t}\n\t\t\thtml .formcraft-css .fc-form.fc-form-1.label-floating .form-element .field-cover > span\n\t\t\t{\n\t\t\t\tcolor: #ffffff;\n\t\t\t}\n\t\t\thtml .formcraft-css .fc-form .final-success .final-success-check {\n\t\t\t\tborder: 2px solid #ffffff;\n\t\t\t}\n\t\t\t.formcraft-css .fc-form.fc-form-1 .form-element .field-cover input[type=\"text\"],\n\t\t\t.formcraft-css .fc-form.fc-form-1 .form-element .field-cover input[type=\"email\"],\n\t\t\t.formcraft-css .fc-form.fc-form-1 .form-element .field-cover input[type=\"password\"],\n\t\t\t.formcraft-css .fc-form.fc-form-1 .form-element .field-cover input[type=\"tel\"],\n\t\t\t.formcraft-css .fc-form.fc-form-1 .form-element .field-cover textarea,\n\t\t\t.formcraft-css .fc-form.fc-form-1 .form-element .field-cover select,\n\t\t\t.formcraft-css .fc-form.fc-form-1 .form-element .field-cover .time-fields-cover,\n\t\t\t.formcraft-css .fc-form.fc-form-1 .form-element .field-cover .awesomplete ul\n\t\t\t{\n\t\t\t\tcolor: #777;\n\t\t\t}\n\t\t\t.formcraft-css .fc-form.fc-form-1 .form-element .field-cover input[type=\"text\"],\n\t\t\t.formcraft-css .fc-form.fc-form-1 .form-element .field-cover input[type=\"password\"],\n\t\t\t.formcraft-css .fc-form.fc-form-1 .form-element .field-cover input[type=\"email\"],\n\t\t\t.formcraft-css .fc-form.fc-form-1 .form-element .field-cover input[type=\"radio\"],\n\t\t\t.formcraft-css .fc-form.fc-form-1 .form-element .field-cover input[type=\"checkbox\"],\n\t\t\t.formcraft-css .fc-form.fc-form-1 .form-element .field-cover input[type=\"tel\"],\n\t\t\t.formcraft-css .fc-form.fc-form-1 .form-element .field-cover select,\n\t\t\t.formcraft-css .fc-form.fc-form-1 .form-element .field-cover textarea\n\t\t\t{\n\t\t\t\tbackground-color: #fafafa;\n\t\t\t}\n\t\t\t.formcraft-css .fc-form.fc-form-1 .form-element .field-cover input[type=\"radio\"]:checked,\n\t\t\t.formcraft-css .fc-form.fc-form-1 .form-element .field-cover input[type=\"checkbox\"]:checked {\n\t\t\t\tborder-color: #353535;\n\t\t\t\tbackground: #3d3d3d;\t\t\t\t\n\t\t\t}\n\t\t\t.formcraft-css .fc-form.fc-form-1 .form-element .star-cover label .star\n\t\t\t{\n\t\t\t\ttext-shadow: 0px 1px 0px #353535;\n\t\t\t}\n\t\t\t.formcraft-css .fc-form.fc-form-1 .form-element .slider-cover .ui-slider-range\n\t\t\t{\n\t\t\t\tbox-shadow: 0px 1px 1px #353535 inset;\n\t\t\t}\n\t\t\t.formcraft-css .fc-form.fc-form-1 .form-element .fileupload-cover .button-file\n\t\t\t{\n\t\t\t\tborder-color: #353535;\n\t\t\t}\n\t\t\t.formcraft-css .fc-form.fc-form-1 .form-element .form-element-html input[type=\"password\"]:focus,\n\t\t\t.formcraft-css .fc-form.fc-form-1 .form-element .form-element-html input[type=\"email\"]:focus,\n\t\t\t.formcraft-css .fc-form.fc-form-1 .form-element .form-element-html input[type=\"tel\"]:focus,\n\t\t\t.formcraft-css .fc-form.fc-form-1 .form-element .form-element-html input[type=\"text\"]:focus,\n\t\t\t.formcraft-css .fc-form.fc-form-1 .form-element .form-element-html textarea:focus,\n\t\t\t.formcraft-css .fc-form.fc-form-1 .form-element .form-element-html select:focus\n\t\t\t{\n\t\t\t\tborder-color: #3d3d3d;\n\t\t\t}\n\t\t\t.formcraft-css .fc-form.fc-form-1 .form-element .form-element-html .field-cover .is-read-only:focus {\n\t\t\t\tborder-color: #ccc;\n\t\t\t}\n\t\t\t.formcraft-css .fc-form.fc-form-1\t\t\t{\n\t\t\t\tfont-family: Cabin;\n\t\t\t}\n\t\t\t@media (max-width : 480px) {\n\t\t\t\thtml .dedicated-page,\n\t\t\t\thtml .dedicated-page .formcraft-css .fc-pagination > div.active\n\t\t\t\t{\n\t\t\t\t\tbackground: #219ed4;\n\t\t\t\t}\n\t\t\t}\n\t\t<\/style>\n\t\t<div class=\"form-cover\">\n\t\t\t<form data-auto-scroll=\"\" data-no-message-redirect=\"\" data-thousand=\"\" data-decimal=\".\" data-delay=\"\" data-id=\"1\" class=\"fc-form fc-form-1 align- fc-temp-class save-form- dont-submit-hidden- icons-hide- disable-enter- label-floating field-border-visible frame-visible remove-asterisk-true field-alignment-left  ng-submitted \" style=\"width: 450px; color: #ffffff; font-size: 120%; background: #219ed4\">\n\t\t\t\t<!-- ngRepeat: page in Builder.FormElements track by $index --><div class=\"form-page form-page-0\" data-index=\"0\">\n\t\t\t\t\t\n\t\t\t\t\t<div class=\"form-page-content      ng-not-empty\">\n\t\t\t\t\t\t<div data-identifier=\"field15\" data-index=\"0\" style=\"width: 100%\" class=\" form-element form-element-field15 default-false form-element-type-oneLineText is-required-true odd form-element-0 options-false -handle\">\n\t\t\t\t\t\t\t<div class=\"form-element-html\"><div ><label class=\"oneLineText-cover field-cover \"><span class=\"sub-label-true\"><span class=\"main-label\"><span >Nom ou raison sociale<\/span><\/span><span class=\"sub-label\"><span >your full name<\/span><\/span><\/span><div><span class=\"error\"><\/span><input type=\"text\" placeholder=\"\" make-read-only=\"\" data-field-id=\"field15\" name=\"field15[]\" data-min-char=\"\" data-max-char=\"\" data-val-type=\"\" data-regexp=\"\" data-is-required=\"true\" data-allow-spaces=\"\" class=\"validation-lenient\" data-placement=\"right\" data-toggle=\"tooltip\" tooltip=\"\" data-trigger=\"focus\" data-html=\"true\" data-input-mask=\"\" data-mask-placeholder=\"\" data-original-title=\"\"><i class=\"formcraft-icon formcraft-icon-type-\"><\/i><\/div><\/label><\/div><\/div>\n\t\t\t\t\t\t\t\n\t\t\t\t\t\t<\/div><div data-identifier=\"field2\" data-index=\"1\" style=\"width: 100%\" class=\" form-element form-element-field2 default-false form-element-type-email is-required-true even form-element-1 options-false -handle\">\n\t\t\t\t\t\t\t<div class=\"form-element-html\"><div ><label class=\"email-cover field-cover \"><span class=\"sub-label-true\"><span class=\"main-label\"><span >Email<\/span><\/span><span class=\"sub-label\"><\/span><\/span><div><span class=\"error\"><\/span><input placeholder=\"\" data-field-id=\"field2\" type=\"text\" data-val-type=\"email\" make-read-only=\"\" data-is-required=\"true\" name=\"field2\" class=\"validation-lenient\" data-placement=\"right\" data-toggle=\"tooltip\" tooltip=\"\" data-trigger=\"focus\" data-html=\"true\" data-original-title=\"\"><i class=\"formcraft-icon\">email<\/i><\/div><\/label><\/div><\/div>\n\t\t\t\t\t\t\t\n\t\t\t\t\t\t<\/div><div data-identifier=\"field20\" data-index=\"2\" style=\"width: 100%\" class=\" form-element form-element-field20 default-false form-element-type-textarea is-required-true odd form-element-2 -handle options-false\">\n\t\t\t\t\t\t\t<div class=\"form-element-html\"><div ><label class=\"textarea-cover field-cover \"><span class=\"sub-label-true\"><span class=\"main-label\"><span >Message<\/span><\/span><span class=\"sub-label\"><span >more details<\/span><\/span><\/span><div><span class=\"error\"><\/span><textarea data-field-id=\"field20\" placeholder=\"\" class=\"validation-lenient\" name=\"field20\" value=\"\" rows=\"5\" data-min-char=\"\" data-max-char=\"\" data-is-required=\"true\" data-placement=\"right\" data-toggle=\"tooltip\" tooltip=\"\" data-trigger=\"focus\" data-html=\"true\" data-original-title=\"\" style=\"min-height: 126.141px\"><\/textarea><div class=\"count-\"><span class=\"current-count\">0<\/span> \/ <span class=\"max-count \"><\/span><\/div><\/div><\/label><\/div><\/div>\n\t\t\t\t\t\t\t\n\t\t\t\t\t\t<\/div><div data-identifier=\"field3\" data-index=\"3\" style=\"width: 100%\" class=\" form-element form-element-field3 default-false form-element-type-submit is-required-false even form-element-3 -handle options-false\">\n\t\t\t\t\t\t\t<div class=\"form-element-html\"><div ><div class=\"align-right wide-true submit-cover field-cover\"><button type=\"submit\" class=\"button submit-button\"><span class=\"text \">Envoyer<\/span><span class=\"spin-cover\"><i style=\"color:\" class=\"loading-icon icon-cog animate-spin\"><\/i><\/span><\/button><\/div><div class=\"submit-response \"><\/div><label ><input type=\"text\" class=\"required_field\" name=\"website\" autocomplete=\"maple-syrup-pot\"><\/label><\/div><\/div>\n\t\t\t\t\t\t\t\n\t\t\t\t\t\t<\/div><div data-identifier=\"field21\" data-index=\"4\" style=\"width: 100%\" class=\" odd form-element form-element-field21 options- form-element-4 default-false form-element-type- is-required-false -handle\">\n\t\t\t\t\t\t\t<div class=\"form-element-html\">\n\t\t\t\t\t\t\t<\/div>\n\t\t\t\t\t\t\t\n\t\t\t\t\t\t<\/div>\n\t\t\t\t\t<\/div>\n\t\t\t\t<\/div><!-- end ngRepeat: page in Builder.FormElements track by $index -->\n\t\t\t<\/form>\n\t\t\t<div class=\"prev-next prev-next-1\" style=\"width: 450px; color: #ffffff; font-size: 120%; background: #219ed4\">\n\t\t\t\t<div>\n\t\t\t\t\t\n\t\t\t\t\t<span class=\"inactive page-prev \"><i class=\"formcraft-icon\">keyboard_arrow_left<\/i>Previous<\/span><\/div>\n\t\t\t\t<div>\n\t\t\t\t\t\n\t\t\t\t\t<span class=\"page-next \">Next<i class=\"formcraft-icon\">keyboard_arrow_right<\/i><\/span><\/div>\n\t\t\t<\/div>\n\t\t<\/div><\/div>[\/vc_column_text][\/vc_column_inner][vc_column_inner width=\u00a0\u00bb1\/2&Prime;][vc_column_text css=\u00a0\u00bb.vc_custom_1648912806712{margin-top: 70px !important;}\u00a0\u00bb]<iframe loading=\"lazy\" style=\"border: 0;\" src=\"https:\/\/www.google.com\/maps\/embed?pb=!1m14!1m8!1m3!1d12795.318521020332!2d4.0608537!3d36.7026317!3m2!1i1024!2i768!4f13.1!3m3!1m2!1s0x0%3A0xaa8e9c6b2b05b713!2sSOFCLIM!5e0!3m2!1sen!2sdz!4v1648742203853!5m2!1sen!2sdz\" width=\"550\" height=\"480\" allowfullscreen=\"allowfullscreen\"><span data-mce-type=\"bookmark\" style=\"display: inline-block; width: 0px; overflow: hidden; line-height: 0;\" class=\"mce_SELRES_start\">\ufeff<\/span><\/iframe>[\/vc_column_text][\/vc_column_inner][\/vc_row_inner][\/vc_column][\/vc_row][vc_row wrap_container=\u00a0\u00bbyes\u00a0\u00bb el_class=\u00a0\u00bbpy-5 mt-5&Prime; css=\u00a0\u00bb.vc_custom_1648742455256{margin-top: -40px !important;}\u00a0\u00bb][vc_column width=\u00a0\u00bb1\/2&Prime;][\/vc_column][vc_column width=\u00a0\u00bb1\/2&Prime;][\/vc_column][\/vc_row]<\/p>\n","protected":false},"excerpt":{"rendered":"<p>[vc_row equal_height=\u00a0\u00bbyes\u00a0\u00bb wrap_container=\u00a0\u00bbyes\u00a0\u00bb css=\u00a0\u00bb.vc_custom_1649857982438{background-color: #e2e2e2 !important;}\u00a0\u00bb][vc_column el_class=\u00a0\u00bbcontact-info\u00a0\u00bb offset=\u00a0\u00bbvc_col-lg-12 vc_col-md-12&Prime;][vc_row_inner css=\u00a0\u00bb.vc_custom_1648742736594{margin-top: 20px !important;margin-bottom: -30px !important;padding-top: 30px !important;}\u00a0\u00bb][vc_column_inner][vc_separator color=\u00a0\u00bbcustom\u00a0\u00bb border_width=\u00a0\u00bb3&Prime; css_animation=\u00a0\u00bbslideInLeft\u00a0\u00bb style=\u00a0\u00bbsolid\u00a0\u00bb el_class=\u00a0\u00bbcustom-border customLineAnimation d-inline-block mr-3 mb-1&Prime; accent_color=\u00a0\u00bb#00a1cd\u00a0\u00bb][\/vc_column_inner][\/vc_row_inner][vc_custom_heading text=\u00a0\u00bbENTRER EN CONTACT\u00a0\u00bb font_container=\u00a0\u00bbtag:h4|font_size:1.2em|text_align:left|color:%2300a1cd|line_height:1.3&Prime; use_theme_fonts=\u00a0\u00bbyes\u00a0\u00bb text_transform=\u00a0\u00bbtext-uppercase\u00a0\u00bb font_weight=\u00a0\u00bb600&Prime; animation_delay=\u00a0\u00bb1000&Prime; el_class=\u00a0\u00bbmb-2 d-inline-block\u00a0\u00bb animation_type=\u00a0\u00bbfadeInLeft\u00a0\u00bb css=\u00a0\u00bb.vc_custom_1648910018066{margin-top: 15px !important;padding-top: 20px !important;}\u00a0\u00bb][vc_row_inner el_class=\u00a0\u00bbpy-5 my-5&Prime; css=\u00a0\u00bb.vc_custom_1648742698706{margin-top: -20px !important;}\u00a0\u00bb][vc_column_inner width=\u00a0\u00bb1\/3&Prime;][vc_custom_heading text=\u00a0\u00bbNum\u00e9ros de t\u00e9l\u00e9phones\u00a0\u00bb font_container=\u00a0\u00bbtag:h2|font_size:1.8em|text_align:left|line_height:42px\u00a0\u00bb use_theme_fonts=\u00a0\u00bbyes\u00a0\u00bb font_weight=\u00a0\u00bb700&Prime; skin=\u00a0\u00bbsecondary\u00a0\u00bb [&hellip;]<\/p>\n","protected":false},"author":1,"featured_media":0,"parent":0,"menu_order":0,"comment_status":"closed","ping_status":"closed","template":"","meta":{"footnotes":""},"class_list":["post-612","page","type-page","status-publish","hentry"],"_links":{"self":[{"href":"https:\/\/sofclim.dz\/fr\/index.php?rest_route=\/wp\/v2\/pages\/612","targetHints":{"allow":["GET"]}}],"collection":[{"href":"https:\/\/sofclim.dz\/fr\/index.php?rest_route=\/wp\/v2\/pages"}],"about":[{"href":"https:\/\/sofclim.dz\/fr\/index.php?rest_route=\/wp\/v2\/types\/page"}],"author":[{"embeddable":true,"href":"https:\/\/sofclim.dz\/fr\/index.php?rest_route=\/wp\/v2\/users\/1"}],"replies":[{"embeddable":true,"href":"https:\/\/sofclim.dz\/fr\/index.php?rest_route=%2Fwp%2Fv2%2Fcomments&post=612"}],"version-history":[{"count":8,"href":"https:\/\/sofclim.dz\/fr\/index.php?rest_route=\/wp\/v2\/pages\/612\/revisions"}],"predecessor-version":[{"id":1009,"href":"https:\/\/sofclim.dz\/fr\/index.php?rest_route=\/wp\/v2\/pages\/612\/revisions\/1009"}],"wp:attachment":[{"href":"https:\/\/sofclim.dz\/fr\/index.php?rest_route=%2Fwp%2Fv2%2Fmedia&parent=612"}],"curies":[{"name":"wp","href":"https:\/\/api.w.org\/{rel}","templated":true}]}}